{"id":465,"date":"2021-07-12T15:26:59","date_gmt":"2021-07-12T15:26:59","guid":{"rendered":"https:\/\/www.dasgoexl.at\/?page_id=465"},"modified":"2022-03-28T17:24:49","modified_gmt":"2022-03-28T17:24:49","slug":"ueber-uns","status":"publish","type":"page","link":"https:\/\/www.dasgoexl.at\/index.php\/ueber-uns\/","title":{"rendered":"\u00dcber Uns"},"content":{"rendered":"\t\t<div data-elementor-type=\"wp-page\" data-elementor-id=\"465\" class=\"elementor elementor-465\" data-elementor-post-type=\"page\">\n\t\t\t\t\t\t\t\t\t<section class=\"elementor-section elementor-top-section elementor-element elementor-element-3b38d0c2 elementor-section-stretched elementor-section-full_width elementor-reverse-tablet elementor-reverse-mobile elementor-section-height-default elementor-section-height-default\" data-id=\"3b38d0c2\" data-element_type=\"section\" data-settings=\"{&quot;stretch_section&quot;:&quot;section-stretched&quot;}\">\n\t\t\t\t\t\t<div class=\"elementor-container elementor-column-gap-no\">\n\t\t\t\t\t<div class=\"elementor-column elementor-col-50 elementor-top-column elementor-element elementor-element-37fa8e42\" data-id=\"37fa8e42\" data-element_type=\"column\">\n\t\t\t<div class=\"elementor-widget-wrap elementor-element-populated\">\n\t\t\t\t\t\t\t\t<div class=\"elementor-element elementor-element-25e35b7f elementor-widget elementor-widget-heading\" data-id=\"25e35b7f\" data-element_type=\"widget\" data-widget_type=\"heading.default\">\n\t\t\t\t<div class=\"elementor-widget-container\">\n\t\t\t<h2 class=\"elementor-heading-title elementor-size-default\">\u00dcber Uns<\/h2>\t\t<\/div>\n\t\t\t\t<\/div>\n\t\t\t\t<div class=\"elementor-element elementor-element-64b7232c elementor-widget elementor-widget-text-editor\" data-id=\"64b7232c\" data-element_type=\"widget\" data-widget_type=\"text-editor.default\">\n\t\t\t\t<div class=\"elementor-widget-container\">\n\t\t\t\t\t\t\t<p>Unsere ersten Schnitzel wurden bereits 1996 gebacken. Damals hie\u00dfen wir noch <em>H\u00fchnerparadies. <\/em><\/p><p>\u00a0<\/p><p>Auch wenn sich unsere Qualit\u00e4t \u00fcber die Jahre nicht ge\u00e4ndert hat, entschieden wir uns f\u00fcr ein neues Image.<\/p><p>\u00a0<\/p><p>Als Das G\u00f6xl servieren wir mit modernem Design weiterhin leckere Schnitzel und viele andere K\u00f6stlichkeiten.<\/p>\t\t\t\t\t\t<\/div>\n\t\t\t\t<\/div>\n\t\t\t\t\t<\/div>\n\t\t<\/div>\n\t\t\t\t<div class=\"elementor-column elementor-col-50 elementor-top-column elementor-element elementor-element-3de640fa\" data-id=\"3de640fa\" data-element_type=\"column\">\n\t\t\t<div class=\"elementor-widget-wrap elementor-element-populated\">\n\t\t\t\t\t\t\t\t<div class=\"elementor-element elementor-element-6884d2c7 elementor-widget elementor-widget-image\" data-id=\"6884d2c7\" data-element_type=\"widget\" data-widget_type=\"image.default\">\n\t\t\t\t<div class=\"elementor-widget-container\">\n\t\t\t\t\t\t\t\t\t\t\t\t\t\t\t<img decoding=\"async\" src=\"https:\/\/www.dasgoexl.at\/wp-content\/uploads\/elementor\/thumbs\/das-goexl-Google-Suche-q7wrfu5g1u841gkqbo9f8ny70t4y5wpaltmookjn1s.png\" title=\"das-g\u00f6xl-Google-Suche\" alt=\"das-g\u00f6xl-Google-Suche\" loading=\"lazy\" \/>\t\t\t\t\t\t\t\t\t\t\t\t\t\t\t<\/div>\n\t\t\t\t<\/div>\n\t\t\t\t\t<\/div>\n\t\t<\/div>\n\t\t\t\t\t\t\t<\/div>\n\t\t<\/section>\n\t\t\t\t<section class=\"elementor-section elementor-inner-section elementor-element elementor-element-708e7b89 elementor-section-boxed elementor-section-height-default elementor-section-height-default\" data-id=\"708e7b89\" data-element_type=\"section\" data-settings=\"{&quot;background_background&quot;:&quot;classic&quot;}\">\n\t\t\t\t\t\t<div class=\"elementor-container elementor-column-gap-default\">\n\t\t\t\t\t<div class=\"elementor-column elementor-col-33 elementor-inner-column elementor-element elementor-element-3b909c1e\" data-id=\"3b909c1e\" data-element_type=\"column\">\n\t\t\t<div class=\"elementor-widget-wrap elementor-element-populated\">\n\t\t\t\t\t\t\t\t<div class=\"elementor-element elementor-element-61872f53 elementor-invisible elementor-widget elementor-widget-heading\" data-id=\"61872f53\" data-element_type=\"widget\" data-settings=\"{&quot;_animation&quot;:&quot;fadeIn&quot;}\" data-widget_type=\"heading.default\">\n\t\t\t\t<div class=\"elementor-widget-container\">\n\t\t\t<h2 class=\"elementor-heading-title elementor-size-default\">\u00d6ffnungszeiten<\/h2>\t\t<\/div>\n\t\t\t\t<\/div>\n\t\t\t\t<div class=\"elementor-element elementor-element-7fb4ae14 elementor-invisible elementor-widget elementor-widget-text-editor\" data-id=\"7fb4ae14\" data-element_type=\"widget\" data-settings=\"{&quot;_animation&quot;:&quot;fadeInDown&quot;,&quot;_animation_delay&quot;:300}\" data-widget_type=\"text-editor.default\">\n\t\t\t\t<div class=\"elementor-widget-container\">\n\t\t\t\t\t\t\t<p><strong>Montag \u2013 Sonntag<\/strong><br \/>09:00 \u2013 21:00<\/p>\t\t\t\t\t\t<\/div>\n\t\t\t\t<\/div>\n\t\t\t\t<div class=\"elementor-element elementor-element-22db4493 elementor-invisible elementor-widget elementor-widget-text-editor\" data-id=\"22db4493\" data-element_type=\"widget\" data-settings=\"{&quot;_animation&quot;:&quot;fadeInDown&quot;,&quot;_animation_delay&quot;:500}\" data-widget_type=\"text-editor.default\">\n\t\t\t\t<div class=\"elementor-widget-container\">\n\t\t\t\t\t\t\t<p><strong>\u00a0<\/strong><\/p>\t\t\t\t\t\t<\/div>\n\t\t\t\t<\/div>\n\t\t\t\t\t<\/div>\n\t\t<\/div>\n\t\t\t\t<div class=\"elementor-column elementor-col-33 elementor-inner-column elementor-element elementor-element-23480058\" data-id=\"23480058\" data-element_type=\"column\">\n\t\t\t<div class=\"elementor-widget-wrap elementor-element-populated\">\n\t\t\t\t\t\t\t\t<div class=\"elementor-element elementor-element-4c20a71c elementor-invisible elementor-widget elementor-widget-heading\" data-id=\"4c20a71c\" data-element_type=\"widget\" data-settings=\"{&quot;_animation&quot;:&quot;fadeIn&quot;}\" data-widget_type=\"heading.default\">\n\t\t\t\t<div class=\"elementor-widget-container\">\n\t\t\t<h2 class=\"elementor-heading-title elementor-size-default\">Unsere Adresse<\/h2>\t\t<\/div>\n\t\t\t\t<\/div>\n\t\t\t\t<div class=\"elementor-element elementor-element-76ba3e1 elementor-invisible elementor-widget elementor-widget-text-editor\" data-id=\"76ba3e1\" data-element_type=\"widget\" data-settings=\"{&quot;_animation&quot;:&quot;fadeInDown&quot;,&quot;_animation_delay&quot;:300}\" data-widget_type=\"text-editor.default\">\n\t\t\t\t<div class=\"elementor-widget-container\">\n\t\t\t\t\t\t\t<p>Wallensteinstra\u00dfe 48<br \/>1200 Wien<\/p>\t\t\t\t\t\t<\/div>\n\t\t\t\t<\/div>\n\t\t\t\t<div class=\"elementor-element elementor-element-7bc11c96 elementor-invisible elementor-widget elementor-widget-text-editor\" data-id=\"7bc11c96\" data-element_type=\"widget\" data-settings=\"{&quot;_animation&quot;:&quot;fadeInDown&quot;,&quot;_animation_delay&quot;:500}\" data-widget_type=\"text-editor.default\">\n\t\t\t\t<div class=\"elementor-widget-container\">\n\t\t\t\t\t\t\t<p><strong>Telefon<\/strong><\/p>\t\t\t\t\t\t<\/div>\n\t\t\t\t<\/div>\n\t\t\t\t<div class=\"elementor-element elementor-element-66f784cb elementor-invisible elementor-widget elementor-widget-text-editor\" data-id=\"66f784cb\" data-element_type=\"widget\" data-settings=\"{&quot;_animation&quot;:&quot;fadeInDown&quot;,&quot;_animation_delay&quot;:550}\" data-widget_type=\"text-editor.default\">\n\t\t\t\t<div class=\"elementor-widget-container\">\n\t\t\t\t\t\t\t<p><a href=\"tel:004313304217\"><strong>01 330 42 17<\/strong><\/a><\/p>\t\t\t\t\t\t<\/div>\n\t\t\t\t<\/div>\n\t\t\t\t<div class=\"elementor-element elementor-element-16a72a27 elementor-invisible elementor-widget elementor-widget-text-editor\" data-id=\"16a72a27\" data-element_type=\"widget\" data-settings=\"{&quot;_animation&quot;:&quot;fadeInDown&quot;,&quot;_animation_delay&quot;:700}\" data-widget_type=\"text-editor.default\">\n\t\t\t\t<div class=\"elementor-widget-container\">\n\t\t\t\t\t\t\t<p><strong>Email<\/strong><\/p>\t\t\t\t\t\t<\/div>\n\t\t\t\t<\/div>\n\t\t\t\t<div class=\"elementor-element elementor-element-7843e14a elementor-invisible elementor-widget elementor-widget-text-editor\" data-id=\"7843e14a\" data-element_type=\"widget\" data-settings=\"{&quot;_animation&quot;:&quot;fadeInDown&quot;,&quot;_animation_delay&quot;:750}\" data-widget_type=\"text-editor.default\">\n\t\t\t\t<div class=\"elementor-widget-container\">\n\t\t\t\t\t\t\t<p><a href=\"mailto:info@dasgoexl.at\"><strong>info@dasgoexl.at<\/strong><\/a><\/p>\t\t\t\t\t\t<\/div>\n\t\t\t\t<\/div>\n\t\t\t\t\t<\/div>\n\t\t<\/div>\n\t\t\t\t<div class=\"elementor-column elementor-col-33 elementor-inner-column elementor-element elementor-element-76b259d3\" data-id=\"76b259d3\" data-element_type=\"column\">\n\t\t\t<div class=\"elementor-widget-wrap elementor-element-populated\">\n\t\t\t\t\t\t\t\t<div class=\"elementor-element elementor-element-c78d6ab elementor-widget elementor-widget-google_maps\" data-id=\"c78d6ab\" data-element_type=\"widget\" data-widget_type=\"google_maps.default\">\n\t\t\t\t<div class=\"elementor-widget-container\">\n\t\t\t\t\t<div class=\"elementor-custom-embed\">\n\t\t\t<iframe loading=\"lazy\"\n\t\t\t\t\tsrc=\"https:\/\/maps.google.com\/maps?q=Wallensteinstra%C3%9Fe%2048&#038;t=m&#038;z=14&#038;output=embed&#038;iwloc=near\"\n\t\t\t\t\ttitle=\"Wallensteinstra\u00dfe 48\"\n\t\t\t\t\taria-label=\"Wallensteinstra\u00dfe 48\"\n\t\t\t><\/iframe>\n\t\t<\/div>\n\t\t\t\t<\/div>\n\t\t\t\t<\/div>\n\t\t\t\t\t<\/div>\n\t\t<\/div>\n\t\t\t\t\t\t\t<\/div>\n\t\t<\/section>\n\t\t\t\t\t\t\t<\/div>\n\t\t","protected":false},"excerpt":{"rendered":"<p>\u00dcber Uns Unsere ersten Schnitzel wurden bereits 1996 gebacken. Damals hie\u00dfen wir noch H\u00fchnerparadies. \u00a0 Auch wenn sich unsere Qualit\u00e4t \u00fcber die Jahre nicht ge\u00e4ndert hat, entschieden wir uns f\u00fcr ein neues Image. \u00a0 Als Das G\u00f6xl servieren wir mit modernem Design weiterhin leckere Schnitzel und viele andere K\u00f6stlichkeiten. \u00d6ffnungszeiten Montag \u2013 Sonntag09:00 \u2013 21:00&hellip; <a class=\"more-link\" href=\"https:\/\/www.dasgoexl.at\/index.php\/ueber-uns\/\"><span class=\"screen-reader-text\">\u00dcber Uns<\/span> weiterlesen<\/a><\/p>\n","protected":false},"author":1,"featured_media":0,"parent":0,"menu_order":0,"comment_status":"closed","ping_status":"closed","template":"elementor_header_footer","meta":{"footnotes":""},"class_list":["post-465","page","type-page","status-publish","hentry","entry"],"yoast_head":"<!-- This site is optimized with the Yoast SEO plugin v21.7 - https:\/\/yoast.com\/wordpress\/plugins\/seo\/ -->\n<title>\u00dcber Uns - Das G\u00f6xl<\/title>\n<meta name=\"robots\" content=\"index, follow, max-snippet:-1, max-image-preview:large, max-video-preview:-1\" \/>\n<link rel=\"canonical\" href=\"https:\/\/www.dasgoexl.at\/index.php\/ueber-uns\/\" \/>\n<meta property=\"og:locale\" content=\"de_DE\" \/>\n<meta property=\"og:type\" content=\"article\" \/>\n<meta property=\"og:title\" content=\"\u00dcber Uns - Das G\u00f6xl\" \/>\n<meta property=\"og:description\" content=\"\u00dcber Uns Unsere ersten Schnitzel wurden bereits 1996 gebacken. Damals hie\u00dfen wir noch H\u00fchnerparadies. \u00a0 Auch wenn sich unsere Qualit\u00e4t \u00fcber die Jahre nicht ge\u00e4ndert hat, entschieden wir uns f\u00fcr ein neues Image. \u00a0 Als Das G\u00f6xl servieren wir mit modernem Design weiterhin leckere Schnitzel und viele andere K\u00f6stlichkeiten. \u00d6ffnungszeiten Montag \u2013 Sonntag09:00 \u2013 21:00&hellip; \u00dcber Uns weiterlesen\" \/>\n<meta property=\"og:url\" content=\"https:\/\/www.dasgoexl.at\/index.php\/ueber-uns\/\" \/>\n<meta property=\"og:site_name\" content=\"Das G\u00f6xl\" \/>\n<meta property=\"article:modified_time\" content=\"2022-03-28T17:24:49+00:00\" \/>\n<meta property=\"og:image\" content=\"https:\/\/www.dasgoexl.at\/wp-content\/uploads\/elementor\/thumbs\/das-goexl-Google-Suche-pa0jhdysj40ix1oda1acx2ogkc8l92psqmfedj3prk.png\" \/>\n<meta name=\"twitter:card\" content=\"summary_large_image\" \/>\n<meta name=\"twitter:label1\" content=\"Gesch\u00e4tzte Lesezeit\" \/>\n\t<meta name=\"twitter:data1\" content=\"1\u00a0Minute\" \/>\n<script type=\"application\/ld+json\" class=\"yoast-schema-graph\">{\"@context\":\"https:\/\/schema.org\",\"@graph\":[{\"@type\":\"WebPage\",\"@id\":\"https:\/\/www.dasgoexl.at\/index.php\/ueber-uns\/\",\"url\":\"https:\/\/www.dasgoexl.at\/index.php\/ueber-uns\/\",\"name\":\"\u00dcber Uns - Das G\u00f6xl\",\"isPartOf\":{\"@id\":\"https:\/\/www.dasgoexl.at\/#website\"},\"datePublished\":\"2021-07-12T15:26:59+00:00\",\"dateModified\":\"2022-03-28T17:24:49+00:00\",\"breadcrumb\":{\"@id\":\"https:\/\/www.dasgoexl.at\/index.php\/ueber-uns\/#breadcrumb\"},\"inLanguage\":\"de\",\"potentialAction\":[{\"@type\":\"ReadAction\",\"target\":[\"https:\/\/www.dasgoexl.at\/index.php\/ueber-uns\/\"]}]},{\"@type\":\"BreadcrumbList\",\"@id\":\"https:\/\/www.dasgoexl.at\/index.php\/ueber-uns\/#breadcrumb\",\"itemListElement\":[{\"@type\":\"ListItem\",\"position\":1,\"name\":\"Startseite\",\"item\":\"https:\/\/www.dasgoexl.at\/\"},{\"@type\":\"ListItem\",\"position\":2,\"name\":\"\u00dcber Uns\"}]},{\"@type\":\"WebSite\",\"@id\":\"https:\/\/www.dasgoexl.at\/#website\",\"url\":\"https:\/\/www.dasgoexl.at\/\",\"name\":\"Das G\u00f6xl\",\"description\":\"Schnitzelmanufaktur\",\"publisher\":{\"@id\":\"https:\/\/www.dasgoexl.at\/#organization\"},\"potentialAction\":[{\"@type\":\"SearchAction\",\"target\":{\"@type\":\"EntryPoint\",\"urlTemplate\":\"https:\/\/www.dasgoexl.at\/?s={search_term_string}\"},\"query-input\":\"required name=search_term_string\"}],\"inLanguage\":\"de\"},{\"@type\":\"Organization\",\"@id\":\"https:\/\/www.dasgoexl.at\/#organization\",\"name\":\"Das G\u00f6xl\",\"url\":\"https:\/\/www.dasgoexl.at\/\",\"logo\":{\"@type\":\"ImageObject\",\"inLanguage\":\"de\",\"@id\":\"https:\/\/www.dasgoexl.at\/#\/schema\/logo\/image\/\",\"url\":\"https:\/\/www.dasgoexl.at\/wp-content\/uploads\/2021\/06\/Logo-neu-1.png\",\"contentUrl\":\"https:\/\/www.dasgoexl.at\/wp-content\/uploads\/2021\/06\/Logo-neu-1.png\",\"width\":800,\"height\":400,\"caption\":\"Das G\u00f6xl\"},\"image\":{\"@id\":\"https:\/\/www.dasgoexl.at\/#\/schema\/logo\/image\/\"}}]}<\/script>\n<!-- \/ Yoast SEO plugin. -->","yoast_head_json":{"title":"\u00dcber Uns - Das G\u00f6xl","robots":{"index":"index","follow":"follow","max-snippet":"max-snippet:-1","max-image-preview":"max-image-preview:large","max-video-preview":"max-video-preview:-1"},"canonical":"https:\/\/www.dasgoexl.at\/index.php\/ueber-uns\/","og_locale":"de_DE","og_type":"article","og_title":"\u00dcber Uns - Das G\u00f6xl","og_description":"\u00dcber Uns Unsere ersten Schnitzel wurden bereits 1996 gebacken. Damals hie\u00dfen wir noch H\u00fchnerparadies. \u00a0 Auch wenn sich unsere Qualit\u00e4t \u00fcber die Jahre nicht ge\u00e4ndert hat, entschieden wir uns f\u00fcr ein neues Image. \u00a0 Als Das G\u00f6xl servieren wir mit modernem Design weiterhin leckere Schnitzel und viele andere K\u00f6stlichkeiten. \u00d6ffnungszeiten Montag \u2013 Sonntag09:00 \u2013 21:00&hellip; \u00dcber Uns weiterlesen","og_url":"https:\/\/www.dasgoexl.at\/index.php\/ueber-uns\/","og_site_name":"Das G\u00f6xl","article_modified_time":"2022-03-28T17:24:49+00:00","og_image":[{"url":"https:\/\/www.dasgoexl.at\/wp-content\/uploads\/elementor\/thumbs\/das-goexl-Google-Suche-pa0jhdysj40ix1oda1acx2ogkc8l92psqmfedj3prk.png"}],"twitter_card":"summary_large_image","twitter_misc":{"Gesch\u00e4tzte Lesezeit":"1\u00a0Minute"},"schema":{"@context":"https:\/\/schema.org","@graph":[{"@type":"WebPage","@id":"https:\/\/www.dasgoexl.at\/index.php\/ueber-uns\/","url":"https:\/\/www.dasgoexl.at\/index.php\/ueber-uns\/","name":"\u00dcber Uns - Das G\u00f6xl","isPartOf":{"@id":"https:\/\/www.dasgoexl.at\/#website"},"datePublished":"2021-07-12T15:26:59+00:00","dateModified":"2022-03-28T17:24:49+00:00","breadcrumb":{"@id":"https:\/\/www.dasgoexl.at\/index.php\/ueber-uns\/#breadcrumb"},"inLanguage":"de","potentialAction":[{"@type":"ReadAction","target":["https:\/\/www.dasgoexl.at\/index.php\/ueber-uns\/"]}]},{"@type":"BreadcrumbList","@id":"https:\/\/www.dasgoexl.at\/index.php\/ueber-uns\/#breadcrumb","itemListElement":[{"@type":"ListItem","position":1,"name":"Startseite","item":"https:\/\/www.dasgoexl.at\/"},{"@type":"ListItem","position":2,"name":"\u00dcber Uns"}]},{"@type":"WebSite","@id":"https:\/\/www.dasgoexl.at\/#website","url":"https:\/\/www.dasgoexl.at\/","name":"Das G\u00f6xl","description":"Schnitzelmanufaktur","publisher":{"@id":"https:\/\/www.dasgoexl.at\/#organization"},"potentialAction":[{"@type":"SearchAction","target":{"@type":"EntryPoint","urlTemplate":"https:\/\/www.dasgoexl.at\/?s={search_term_string}"},"query-input":"required name=search_term_string"}],"inLanguage":"de"},{"@type":"Organization","@id":"https:\/\/www.dasgoexl.at\/#organization","name":"Das G\u00f6xl","url":"https:\/\/www.dasgoexl.at\/","logo":{"@type":"ImageObject","inLanguage":"de","@id":"https:\/\/www.dasgoexl.at\/#\/schema\/logo\/image\/","url":"https:\/\/www.dasgoexl.at\/wp-content\/uploads\/2021\/06\/Logo-neu-1.png","contentUrl":"https:\/\/www.dasgoexl.at\/wp-content\/uploads\/2021\/06\/Logo-neu-1.png","width":800,"height":400,"caption":"Das G\u00f6xl"},"image":{"@id":"https:\/\/www.dasgoexl.at\/#\/schema\/logo\/image\/"}}]}},"_links":{"self":[{"href":"https:\/\/www.dasgoexl.at\/index.php\/wp-json\/wp\/v2\/pages\/465","targetHints":{"allow":["GET"]}}],"collection":[{"href":"https:\/\/www.dasgoexl.at\/index.php\/wp-json\/wp\/v2\/pages"}],"about":[{"href":"https:\/\/www.dasgoexl.at\/index.php\/wp-json\/wp\/v2\/types\/page"}],"author":[{"embeddable":true,"href":"https:\/\/www.dasgoexl.at\/index.php\/wp-json\/wp\/v2\/users\/1"}],"replies":[{"embeddable":true,"href":"https:\/\/www.dasgoexl.at\/index.php\/wp-json\/wp\/v2\/comments?post=465"}],"version-history":[{"count":0,"href":"https:\/\/www.dasgoexl.at\/index.php\/wp-json\/wp\/v2\/pages\/465\/revisions"}],"wp:attachment":[{"href":"https:\/\/www.dasgoexl.at\/index.php\/wp-json\/wp\/v2\/media?parent=465"}],"curies":[{"name":"wp","href":"https:\/\/api.w.org\/{rel}","templated":true}]}}