{"id":456,"date":"2021-07-12T15:14:03","date_gmt":"2021-07-12T15:14:03","guid":{"rendered":"https:\/\/www.dasgoexl.at\/?page_id=456"},"modified":"2021-07-23T12:01:07","modified_gmt":"2021-07-23T12:01:07","slug":"impressum","status":"publish","type":"page","link":"https:\/\/www.dasgoexl.at\/index.php\/impressum\/","title":{"rendered":"Impressum"},"content":{"rendered":"\t\t<div data-elementor-type=\"wp-page\" data-elementor-id=\"456\" class=\"elementor elementor-456\" data-elementor-post-type=\"page\">\n\t\t\t\t\t\t\t\t\t<section class=\"elementor-section elementor-top-section elementor-element elementor-element-4ab697b7 elementor-section-stretched elementor-section-boxed elementor-section-height-default elementor-section-height-default\" data-id=\"4ab697b7\" data-element_type=\"section\" data-settings=\"{&quot;stretch_section&quot;:&quot;section-stretched&quot;}\">\n\t\t\t\t\t\t<div class=\"elementor-container elementor-column-gap-narrow\">\n\t\t\t\t\t<div class=\"elementor-column elementor-col-100 elementor-top-column elementor-element elementor-element-34ce591d\" data-id=\"34ce591d\" data-element_type=\"column\">\n\t\t\t<div class=\"elementor-widget-wrap elementor-element-populated\">\n\t\t\t\t\t\t\t\t<div class=\"elementor-element elementor-element-de44447 elementor-widget elementor-widget-heading\" data-id=\"de44447\" data-element_type=\"widget\" data-widget_type=\"heading.default\">\n\t\t\t\t<div class=\"elementor-widget-container\">\n\t\t\t<h2 class=\"elementor-heading-title elementor-size-default\">Impressum<\/h2>\t\t<\/div>\n\t\t\t\t<\/div>\n\t\t\t\t<div class=\"elementor-element elementor-element-fcaba0c elementor-widget-divider--view-line elementor-widget elementor-widget-divider\" data-id=\"fcaba0c\" data-element_type=\"widget\" data-widget_type=\"divider.default\">\n\t\t\t\t<div class=\"elementor-widget-container\">\n\t\t\t\t\t<div class=\"elementor-divider\">\n\t\t\t<span class=\"elementor-divider-separator\">\n\t\t\t\t\t\t<\/span>\n\t\t<\/div>\n\t\t\t\t<\/div>\n\t\t\t\t<\/div>\n\t\t\t\t<div class=\"elementor-element elementor-element-1ec7b67 elementor-widget elementor-widget-text-editor\" data-id=\"1ec7b67\" data-element_type=\"widget\" data-widget_type=\"text-editor.default\">\n\t\t\t\t<div class=\"elementor-widget-container\">\n\t\t\t\t\t\t\t<p><strong>I.B. Abanoz GmbH<\/strong><\/p><p>M\u00e4rzstra\u00dfe 51 1150<br \/>1150 Wien<br \/>\u00d6sterreich<\/p><p>\u00a0<\/p><p><strong>Tel:<\/strong> +43 1 330 42 17<br \/><strong>E-Mail:<\/strong> info@dasgoexl.at<br \/><strong>Web:<\/strong> www.dasgoexl.at<\/p><p>\u00a0<\/p><p>\u00a0<\/p><p>Gesch\u00e4ftsf\u00fchrer ist verantwortlich f\u00fcr den eigenen Inhalt der Webseite<br \/>Eingetragen im Firmenbuch zu FN 424542 b, zust\u00e4ndiges Gericht Handelsgericht Wien<\/p><p>\u00a0<\/p><p><strong>Ust-ID: <\/strong>ATU69254424<br \/><strong>Firmenbuchnummer:<\/strong> FN 424542 b<br \/>Handelsgericht Wien<\/p><p>\u00a0<\/p><p>\u00a0<\/p><p><strong>Technische IT &amp; EDV Support:<\/strong> <a href=\"https:\/\/www.kodlogy.at\">Kodlogy Technologies GmbH<\/a><\/p><p>\u00a0<\/p><p><strong>Haftungshinweis:<\/strong><br \/>Trotz sorgf\u00e4ltiger inhaltlicher Kontrolle \u00fcbernehmen wir keine Haftung f\u00fcr die Inhalte externer Links und Fotos. F\u00fcr den Inhalt der verlinkten Seiten und ver\u00f6ffentlichten Fotos sind ausschlie\u00dflich deren Betreiber verantwortlich. Die Domain www.dasgoexl.at inklusive aller Sub-Domains verweisen mit Links zu anderen Seiten im Internet. F\u00fcr diese F\u00e4lle gilt: Die I.B. ABANOZ GmbH als Betreiber von www.dasgoexl.at erkl\u00e4rt ausdr\u00fccklich, dass sie keinerlei Einfluss auf die Gestaltung und die Inhalte der verlinkten und eingespielten Seiten und Fotos hat. Aus diesem Grunde distanzieren sich www.dasgoexl.at I.B. ABANOZ GmbH ausdr\u00fccklich von allen Inhalten aller verlinkten Seiten und ver\u00f6ffentlichten Fotos auf der Webseite und machen sich diese Inhalte nicht zu Eigen. Diese Erkl\u00e4rung gilt f\u00fcr alle Seiten, zu denen Links f\u00fchren.<\/p>\t\t\t\t\t\t<\/div>\n\t\t\t\t<\/div>\n\t\t\t\t\t<\/div>\n\t\t<\/div>\n\t\t\t\t\t\t\t<\/div>\n\t\t<\/section>\n\t\t\t\t\t\t\t<\/div>\n\t\t","protected":false},"excerpt":{"rendered":"<p>Impressum I.B. Abanoz GmbH M\u00e4rzstra\u00dfe 51 11501150 Wien\u00d6sterreich \u00a0 Tel: +43 1 330 42 17E-Mail: info@dasgoexl.atWeb: www.dasgoexl.at \u00a0 \u00a0 Gesch\u00e4ftsf\u00fchrer ist verantwortlich f\u00fcr den eigenen Inhalt der WebseiteEingetragen im Firmenbuch zu FN 424542 b, zust\u00e4ndiges Gericht Handelsgericht Wien \u00a0 Ust-ID: ATU69254424Firmenbuchnummer: FN 424542 bHandelsgericht Wien \u00a0 \u00a0 Technische IT &amp; EDV Support: Kodlogy Technologies GmbH&hellip; <a class=\"more-link\" href=\"https:\/\/www.dasgoexl.at\/index.php\/impressum\/\"><span class=\"screen-reader-text\">Impressum<\/span> weiterlesen<\/a><\/p>\n","protected":false},"author":1,"featured_media":0,"parent":0,"menu_order":0,"comment_status":"closed","ping_status":"closed","template":"elementor_header_footer","meta":{"footnotes":""},"class_list":["post-456","page","type-page","status-publish","hentry","entry"],"yoast_head":"<!-- This site is optimized with the Yoast SEO plugin v21.7 - https:\/\/yoast.com\/wordpress\/plugins\/seo\/ -->\n<title>Impressum - Das G\u00f6xl<\/title>\n<meta name=\"robots\" content=\"index, follow, max-snippet:-1, max-image-preview:large, max-video-preview:-1\" \/>\n<link rel=\"canonical\" href=\"https:\/\/www.dasgoexl.at\/index.php\/impressum\/\" \/>\n<meta property=\"og:locale\" content=\"de_DE\" \/>\n<meta property=\"og:type\" content=\"article\" \/>\n<meta property=\"og:title\" content=\"Impressum - Das G\u00f6xl\" \/>\n<meta property=\"og:description\" content=\"Impressum I.B. Abanoz GmbH M\u00e4rzstra\u00dfe 51 11501150 Wien\u00d6sterreich \u00a0 Tel: +43 1 330 42 17E-Mail: info@dasgoexl.atWeb: www.dasgoexl.at \u00a0 \u00a0 Gesch\u00e4ftsf\u00fchrer ist verantwortlich f\u00fcr den eigenen Inhalt der WebseiteEingetragen im Firmenbuch zu FN 424542 b, zust\u00e4ndiges Gericht Handelsgericht Wien \u00a0 Ust-ID: ATU69254424Firmenbuchnummer: FN 424542 bHandelsgericht Wien \u00a0 \u00a0 Technische IT &amp; EDV Support: Kodlogy Technologies GmbH&hellip; Impressum weiterlesen\" \/>\n<meta property=\"og:url\" content=\"https:\/\/www.dasgoexl.at\/index.php\/impressum\/\" \/>\n<meta property=\"og:site_name\" content=\"Das G\u00f6xl\" \/>\n<meta property=\"article:modified_time\" content=\"2021-07-23T12:01:07+00:00\" \/>\n<meta name=\"twitter:card\" content=\"summary_large_image\" \/>\n<meta name=\"twitter:label1\" content=\"Gesch\u00e4tzte Lesezeit\" \/>\n\t<meta name=\"twitter:data1\" content=\"1\u00a0Minute\" \/>\n<script type=\"application\/ld+json\" class=\"yoast-schema-graph\">{\"@context\":\"https:\/\/schema.org\",\"@graph\":[{\"@type\":\"WebPage\",\"@id\":\"https:\/\/www.dasgoexl.at\/index.php\/impressum\/\",\"url\":\"https:\/\/www.dasgoexl.at\/index.php\/impressum\/\",\"name\":\"Impressum - Das G\u00f6xl\",\"isPartOf\":{\"@id\":\"https:\/\/www.dasgoexl.at\/#website\"},\"datePublished\":\"2021-07-12T15:14:03+00:00\",\"dateModified\":\"2021-07-23T12:01:07+00:00\",\"breadcrumb\":{\"@id\":\"https:\/\/www.dasgoexl.at\/index.php\/impressum\/#breadcrumb\"},\"inLanguage\":\"de\",\"potentialAction\":[{\"@type\":\"ReadAction\",\"target\":[\"https:\/\/www.dasgoexl.at\/index.php\/impressum\/\"]}]},{\"@type\":\"BreadcrumbList\",\"@id\":\"https:\/\/www.dasgoexl.at\/index.php\/impressum\/#breadcrumb\",\"itemListElement\":[{\"@type\":\"ListItem\",\"position\":1,\"name\":\"Startseite\",\"item\":\"https:\/\/www.dasgoexl.at\/\"},{\"@type\":\"ListItem\",\"position\":2,\"name\":\"Impressum\"}]},{\"@type\":\"WebSite\",\"@id\":\"https:\/\/www.dasgoexl.at\/#website\",\"url\":\"https:\/\/www.dasgoexl.at\/\",\"name\":\"Das G\u00f6xl\",\"description\":\"Schnitzelmanufaktur\",\"publisher\":{\"@id\":\"https:\/\/www.dasgoexl.at\/#organization\"},\"potentialAction\":[{\"@type\":\"SearchAction\",\"target\":{\"@type\":\"EntryPoint\",\"urlTemplate\":\"https:\/\/www.dasgoexl.at\/?s={search_term_string}\"},\"query-input\":\"required name=search_term_string\"}],\"inLanguage\":\"de\"},{\"@type\":\"Organization\",\"@id\":\"https:\/\/www.dasgoexl.at\/#organization\",\"name\":\"Das G\u00f6xl\",\"url\":\"https:\/\/www.dasgoexl.at\/\",\"logo\":{\"@type\":\"ImageObject\",\"inLanguage\":\"de\",\"@id\":\"https:\/\/www.dasgoexl.at\/#\/schema\/logo\/image\/\",\"url\":\"https:\/\/www.dasgoexl.at\/wp-content\/uploads\/2021\/06\/Logo-neu-1.png\",\"contentUrl\":\"https:\/\/www.dasgoexl.at\/wp-content\/uploads\/2021\/06\/Logo-neu-1.png\",\"width\":800,\"height\":400,\"caption\":\"Das G\u00f6xl\"},\"image\":{\"@id\":\"https:\/\/www.dasgoexl.at\/#\/schema\/logo\/image\/\"}}]}<\/script>\n<!-- \/ Yoast SEO plugin. -->","yoast_head_json":{"title":"Impressum - Das G\u00f6xl","robots":{"index":"index","follow":"follow","max-snippet":"max-snippet:-1","max-image-preview":"max-image-preview:large","max-video-preview":"max-video-preview:-1"},"canonical":"https:\/\/www.dasgoexl.at\/index.php\/impressum\/","og_locale":"de_DE","og_type":"article","og_title":"Impressum - Das G\u00f6xl","og_description":"Impressum I.B. Abanoz GmbH M\u00e4rzstra\u00dfe 51 11501150 Wien\u00d6sterreich \u00a0 Tel: +43 1 330 42 17E-Mail: info@dasgoexl.atWeb: www.dasgoexl.at \u00a0 \u00a0 Gesch\u00e4ftsf\u00fchrer ist verantwortlich f\u00fcr den eigenen Inhalt der WebseiteEingetragen im Firmenbuch zu FN 424542 b, zust\u00e4ndiges Gericht Handelsgericht Wien \u00a0 Ust-ID: ATU69254424Firmenbuchnummer: FN 424542 bHandelsgericht Wien \u00a0 \u00a0 Technische IT &amp; EDV Support: Kodlogy Technologies GmbH&hellip; Impressum weiterlesen","og_url":"https:\/\/www.dasgoexl.at\/index.php\/impressum\/","og_site_name":"Das G\u00f6xl","article_modified_time":"2021-07-23T12:01:07+00:00","twitter_card":"summary_large_image","twitter_misc":{"Gesch\u00e4tzte Lesezeit":"1\u00a0Minute"},"schema":{"@context":"https:\/\/schema.org","@graph":[{"@type":"WebPage","@id":"https:\/\/www.dasgoexl.at\/index.php\/impressum\/","url":"https:\/\/www.dasgoexl.at\/index.php\/impressum\/","name":"Impressum - Das G\u00f6xl","isPartOf":{"@id":"https:\/\/www.dasgoexl.at\/#website"},"datePublished":"2021-07-12T15:14:03+00:00","dateModified":"2021-07-23T12:01:07+00:00","breadcrumb":{"@id":"https:\/\/www.dasgoexl.at\/index.php\/impressum\/#breadcrumb"},"inLanguage":"de","potentialAction":[{"@type":"ReadAction","target":["https:\/\/www.dasgoexl.at\/index.php\/impressum\/"]}]},{"@type":"BreadcrumbList","@id":"https:\/\/www.dasgoexl.at\/index.php\/impressum\/#breadcrumb","itemListElement":[{"@type":"ListItem","position":1,"name":"Startseite","item":"https:\/\/www.dasgoexl.at\/"},{"@type":"ListItem","position":2,"name":"Impressum"}]},{"@type":"WebSite","@id":"https:\/\/www.dasgoexl.at\/#website","url":"https:\/\/www.dasgoexl.at\/","name":"Das G\u00f6xl","description":"Schnitzelmanufaktur","publisher":{"@id":"https:\/\/www.dasgoexl.at\/#organization"},"potentialAction":[{"@type":"SearchAction","target":{"@type":"EntryPoint","urlTemplate":"https:\/\/www.dasgoexl.at\/?s={search_term_string}"},"query-input":"required name=search_term_string"}],"inLanguage":"de"},{"@type":"Organization","@id":"https:\/\/www.dasgoexl.at\/#organization","name":"Das G\u00f6xl","url":"https:\/\/www.dasgoexl.at\/","logo":{"@type":"ImageObject","inLanguage":"de","@id":"https:\/\/www.dasgoexl.at\/#\/schema\/logo\/image\/","url":"https:\/\/www.dasgoexl.at\/wp-content\/uploads\/2021\/06\/Logo-neu-1.png","contentUrl":"https:\/\/www.dasgoexl.at\/wp-content\/uploads\/2021\/06\/Logo-neu-1.png","width":800,"height":400,"caption":"Das G\u00f6xl"},"image":{"@id":"https:\/\/www.dasgoexl.at\/#\/schema\/logo\/image\/"}}]}},"_links":{"self":[{"href":"https:\/\/www.dasgoexl.at\/index.php\/wp-json\/wp\/v2\/pages\/456","targetHints":{"allow":["GET"]}}],"collection":[{"href":"https:\/\/www.dasgoexl.at\/index.php\/wp-json\/wp\/v2\/pages"}],"about":[{"href":"https:\/\/www.dasgoexl.at\/index.php\/wp-json\/wp\/v2\/types\/page"}],"author":[{"embeddable":true,"href":"https:\/\/www.dasgoexl.at\/index.php\/wp-json\/wp\/v2\/users\/1"}],"replies":[{"embeddable":true,"href":"https:\/\/www.dasgoexl.at\/index.php\/wp-json\/wp\/v2\/comments?post=456"}],"version-history":[{"count":0,"href":"https:\/\/www.dasgoexl.at\/index.php\/wp-json\/wp\/v2\/pages\/456\/revisions"}],"wp:attachment":[{"href":"https:\/\/www.dasgoexl.at\/index.php\/wp-json\/wp\/v2\/media?parent=456"}],"curies":[{"name":"wp","href":"https:\/\/api.w.org\/{rel}","templated":true}]}}